{"id":2724,"date":"2022-02-15T11:06:42","date_gmt":"2022-02-15T10:06:42","guid":{"rendered":"https:\/\/adaguen.com\/?page_id=2724"},"modified":"2022-02-15T11:23:33","modified_gmt":"2022-02-15T10:23:33","slug":"politique-de-confidentialite","status":"publish","type":"page","link":"https:\/\/adaguen.com\/fr\/politique-de-confidentialite\/","title":{"rendered":"Politique de confidentialit\u00e9"},"content":{"rendered":"<div data-elementor-type=\"wp-page\" data-elementor-id=\"2724\" class=\"elementor elementor-2724\">\n\t\t\t\t\t\t<section class=\"elementor-section elementor-top-section elementor-element elementor-element-5a325cf7 elementor-section-stretched elementor-section-height-min-height elementor-section-boxed elementor-section-height-default elementor-section-items-middle elementor-invisible\" data-id=\"5a325cf7\" data-element_type=\"section\" data-settings=\"{&quot;animation&quot;:&quot;fadeIn&quot;,&quot;stretch_section&quot;:&quot;section-stretched&quot;,&quot;background_background&quot;:&quot;classic&quot;,&quot;_ha_eqh_enable&quot;:false}\">\n\t\t\t\t\t\t\t<div class=\"elementor-background-overlay\"><\/div>\n\t\t\t\t\t\t\t<div class=\"elementor-container elementor-column-gap-no\">\n\t\t\t\t\t<div class=\"elementor-column elementor-col-100 elementor-top-column elementor-element elementor-element-718da5c3\" data-id=\"718da5c3\" data-element_type=\"column\">\n\t\t\t<div class=\"elementor-widget-wrap elementor-element-populated\">\n\t\t\t\t\t\t<div class=\"elementor-element elementor-element-6bdd9b4 elementor-widget elementor-widget-heading\" data-id=\"6bdd9b4\" data-element_type=\"widget\" data-widget_type=\"heading.default\">\n\t\t\t\t<div class=\"elementor-widget-container\">\n\t\t\t<style>\/*! elementor - v3.23.0 - 05-08-2024 *\/\n.elementor-heading-title{padding:0;margin:0;line-height:1}.elementor-widget-heading .elementor-heading-title[class*=elementor-size-]>a{color:inherit;font-size:inherit;line-height:inherit}.elementor-widget-heading .elementor-heading-title.elementor-size-small{font-size:15px}.elementor-widget-heading .elementor-heading-title.elementor-size-medium{font-size:19px}.elementor-widget-heading .elementor-heading-title.elementor-size-large{font-size:29px}.elementor-widget-heading .elementor-heading-title.elementor-size-xl{font-size:39px}.elementor-widget-heading .elementor-heading-title.elementor-size-xxl{font-size:59px}<\/style><h1 class=\"elementor-heading-title elementor-size-default\">Politique de confidentialit\u00e9 <\/h1>\t\t<\/div>\n\t\t\t\t<\/div>\n\t\t\t\t\t<\/div>\n\t\t<\/div>\n\t\t\t\t\t<\/div>\n\t\t<\/section>\n\t\t\t\t<section class=\"elementor-section elementor-top-section elementor-element elementor-element-5ed601c7 elementor-section-boxed elementor-section-height-default elementor-section-height-default elementor-invisible\" data-id=\"5ed601c7\" data-element_type=\"section\" data-settings=\"{&quot;animation&quot;:&quot;fadeInUp&quot;,&quot;_ha_eqh_enable&quot;:false}\">\n\t\t\t\t\t\t<div class=\"elementor-container elementor-column-gap-extended\">\n\t\t\t\t\t<div class=\"elementor-column elementor-col-100 elementor-top-column elementor-element elementor-element-28d0491\" data-id=\"28d0491\" data-element_type=\"column\">\n\t\t\t<div class=\"elementor-widget-wrap elementor-element-populated\">\n\t\t\t\t\t\t<div class=\"elementor-element elementor-element-4bca8db elementor-widget elementor-widget-text-editor\" data-id=\"4bca8db\" data-element_type=\"widget\" data-widget_type=\"text-editor.default\">\n\t\t\t\t<div class=\"elementor-widget-container\">\n\t\t\t<style>\/*! elementor - v3.23.0 - 05-08-2024 *\/\n.elementor-widget-text-editor.elementor-drop-cap-view-stacked .elementor-drop-cap{background-color:#69727d;color:#fff}.elementor-widget-text-editor.elementor-drop-cap-view-framed .elementor-drop-cap{color:#69727d;border:3px solid;background-color:transparent}.elementor-widget-text-editor:not(.elementor-drop-cap-view-default) .elementor-drop-cap{margin-top:8px}.elementor-widget-text-editor:not(.elementor-drop-cap-view-default) .elementor-drop-cap-letter{width:1em;height:1em}.elementor-widget-text-editor .elementor-drop-cap{float:left;text-align:center;line-height:1;font-size:50px}.elementor-widget-text-editor .elementor-drop-cap-letter{display:inline-block}<\/style>\t\t\t\t<ol><li><b> D\u00e9claration\u00a0\u00a0<\/b><\/li><\/ol><p><span style=\"font-weight: 400;\">Les donn\u00e9es \u00e0 caract\u00e8re personnel recueillies dans le cadre de ce site feront\u00a0 l\u2019objet d\u2019une d\u00e9claration \u00e0 la Commission Nationale de Contr\u00f4le des Donn\u00e9es\u00a0 \u00e0 caract\u00e8re Personnel (la CNDP) d\u00e8s l\u2019installation de cette derni\u00e8re en\u00a0 application de la loi 09-08 du 18 f\u00e9vrier 2009 relative \u00e0 la Protection des\u00a0 Personnes Physiques \u00e0 l&#8217;\u00e9gard du Traitement des Donn\u00e9es \u00e0 Caract\u00e8re\u00a0 Personnel. Les utilisateurs peuvent obtenir \u00e0 cet effet les renseignements\u00a0 n\u00e9cessaires aupr\u00e8s de cet organisme.\u00a0\u00a0<\/span><\/p><ol><li><b> Avertissement aux utilisateurs\u00a0\u00a0<\/b><\/li><\/ol><p><span style=\"font-weight: 400;\">L\u2019utilisateur d\u00e9clare accepter les caract\u00e9ristiques et les limites d\u2019Internet et en\u00a0 particulier, reconna\u00eetre :\u00a0\u00a0<\/span><\/p><ul><li><span style=\"font-weight: 400;\"> Avoir connaissance de la nature du r\u00e9seau Internet et en particulier, de\u00a0 ses performances techniques et des temps de r\u00e9ponses, pour\u00a0 consulter, interroger ou transf\u00e9rer les donn\u00e9es d\u2019informations ;\u00a0\u00a0<\/span><\/li><li><span style=\"font-weight: 400;\"> Que les donn\u00e9es circulant sur Internet ne sont pas n\u00e9cessairement\u00a0 prot\u00e9g\u00e9es, notamment contre les d\u00e9tournements \u00e9ventuels ;\u00a0 \u2022 Que la communication, par l\u2019utilisateur \u00e0 des tiers de ses identifiants le\u00a0 cas \u00e9ch\u00e9ant et d\u2019une mani\u00e8re g\u00e9n\u00e9rale, de toute information jug\u00e9e par\u00a0 l\u2019utilisateur comme personnelle ou confidentielle se fait \u00e0 ses risques et\u00a0 p\u00e9rils ;\u00a0\u00a0<\/span><\/li><li><span style=\"font-weight: 400;\"> Qu\u2019il appartient \u00e0 l\u2019utilisateur de prendre toutes les mesures\u00a0 appropri\u00e9es de fa\u00e7on \u00e0 prot\u00e9ger ses propres donn\u00e9es et\/ou logiciels de\u00a0 la contamination par des \u00e9ventuels virus sur le r\u00e9seau Internet.\u00a0\u00a0<\/span><\/li><li><span style=\"font-weight: 400;\"> L\u2019utilisateur est consid\u00e9r\u00e9 comme \u00e9tant parfaitement inform\u00e9 de\u00a0 l\u2019existence de r\u00e8gles de conduite (de droit et d\u2019\u00e9quit\u00e9) \u00e0 adopter lors de\u00a0 la navigation sur Internet.\u00a0\u00a0<\/span><\/li><\/ul><ol><li><b>Donn\u00e9es personnelles\u00a0<\/b><\/li><\/ol><p><span style=\"font-weight: 400;\">Les donn\u00e9es personnelles recueillies par ADAGUEN, en tant que\u00a0 responsable de traitement, dans les formulaires figurant sur le site\u00a0 www.adaguen.com sont principalement trait\u00e9es et enregistr\u00e9es pour les\u00a0 finalit\u00e9s suivantes :\u00a0\u00a0<\/span><\/p><ul><li><span style=\"font-weight: 400;\"> Cr\u00e9ation de votre compte utilisateur priv\u00e9\u00a0\u00a0<\/span><\/li><li><span style=\"font-weight: 400;\"> Cr\u00e9ation d\u2019une liste de souhaits\u00a0\u00a0<\/span><\/li><li><span style=\"font-weight: 400;\"> Abonnement\/d\u00e9sabonnement \u00e0 la Newsletter\u00a0\u00a0<\/span><\/li><li><span style=\"font-weight: 400;\"> Nous contacter, en Magasin\/en ligne.\u00a0\u00a0<\/span><\/li><li><span style=\"font-weight: 400;\"> Contact Service apr\u00e8s vente\u00a0\u00a0<\/span><\/li><li><span style=\"font-weight: 400;\"> Contact commercial\u00a0<\/span><\/li><\/ul><p><span style=\"font-weight: 400;\">ADAGUEN peut \u00eatre amen\u00e9e \u00e0 demander aux utilisateurs de lui\u00a0 communiquer des informations personnelles telles que leurs noms, pr\u00e9noms,\u00a0 coordonn\u00e9es et adresse \u00e9lectronique, dans certains cas ; ces informations\u00a0 sont susceptibles de faire l\u2019objet de traitements automatis\u00e9s.\u00a0 Les dites informations sont recueillies conform\u00e9ment aux dispositions de la loi\u00a0 09-08 du 18 f\u00e9vrier 2009 relative \u00e0 la Protection des Personnes Physiques \u00e0\u00a0 l&#8217;\u00e9gard du Traitement des Donn\u00e9es \u00e0 Caract\u00e8re Personnel et sont destin\u00e9es\u00a0 au seul usage d\u2019Adaguen, de ses filiales et de ses prestataires le cas\u00a0 \u00e9ch\u00e9ant.\u00a0\u00a0<\/span><\/p><p><span style=\"font-weight: 400;\">Elles ne seront en aucun cas mises \u00e0 la disposition de tierces personnes.\u00a0 Les coordonn\u00e9es des utilisateurs ne sont utilis\u00e9es que pour mieux les\u00a0 informer et, \u00e9ventuellement, ne leur adresser que les informations qu\u2019ils\u00a0 souhaitent recevoir.\u00a0\u00a0<\/span><\/p><p><span style=\"font-weight: 400;\">Ces donn\u00e9es personnelles peuvent \u00eatre communiqu\u00e9es, \u00e0 leur requ\u00eate, aux\u00a0 organismes officiels et aux autorit\u00e9s administratives ou judiciaires.\u00a0 Les donn\u00e9es personnelles pourront donner lieu \u00e0 l\u2019exercice du droit d\u2019acc\u00e8s,\u00a0 de rectification et d\u2019opposition dans les conditions pr\u00e9vues par la loi n 09-08\u00a0 du 18 f\u00e9vrier 2009 relative \u00e0 la Protection des Personnes Physiques \u00e0 l&#8217;\u00e9gard\u00a0 du Traitement des Donn\u00e9es \u00e0 Caract\u00e8re Personnel, par courrier adress\u00e9 au\u00a0 si\u00e8ge social: <\/span><b>Zone industrielle Al Majd N\u00b0 647 -TANGER- MAROC. <\/b><span style=\"font-weight: 400;\">Ce courrier devra pr\u00e9ciser le mode de sollicitation refus\u00e9e, vous pouvez\u00a0 \u00e9galement refuser de participer \u00e0 des enqu\u00eates ou des sondages en \u00e9crivant\u00a0 \u00e0 la m\u00eame adresse.\u00a0\u00a0<\/span><\/p><p><span style=\"font-weight: 400;\">ADAGUEN met en \u0153uvre tous les moyens n\u00e9cessaires afin d\u2019assurer la\u00a0 confidentialit\u00e9 et la s\u00e9curit\u00e9 des donn\u00e9es personnelles enregistr\u00e9es pour\u00a0 \u00e9viter qu\u2019elles soient d\u00e9truites, d\u00e9form\u00e9es, endommag\u00e9es ou accessibles \u00e0\u00a0 des tiers non autoris\u00e9s, notamment par la sensibilisation de ses\u00a0 collaborateurs \u00e0 leurs obligations et par la restriction d\u2019acc\u00e8s en fonction des\u00a0 attributions et des responsabilit\u00e9s de chaque collaborateur, l\u2019utilisation de\u00a0 syst\u00e8mes informatiques s\u00e9curis\u00e9s et \u00e9ventuellement le recours au\u00a0 chiffrement de certaines donn\u00e9es lors de leur stockage et \/ ou transmission .\u00a0 <\/span><b>2. Cookies\u00a0<\/b><\/p><p><span style=\"font-weight: 400;\">Qu\u2019est ce qu\u2019un COOKIE ?\u00a0\u00a0<\/span><\/p><p><span style=\"font-weight: 400;\">Les cookies sont de petits fichiers texte, image ou logiciel, qui sont plac\u00e9s et\u00a0 stock\u00e9s sur votre ordinateur, votre Smartphone ou tout autre appareil\u00a0 permettant de naviguer sur Internet, lorsque vous visitez un site Web.\u00a0 Les cookies am\u00e9liorent votre confort de navigation sur notre Site et sont\u00a0 indispensables pour acc\u00e9der \u00e0 certains espaces s\u00e9curis\u00e9s. Si vous d\u00e9cidez\u00a0 de bloquer tous les cookies par l\u2019interm\u00e9diaire de votre navigateur internet,\u00a0 vous ne pourrez plus visiter que la partie publique de notre Site et ne pourrez\u00a0 plus acc\u00e9der \u00e0 votre espace client s\u00e9curis\u00e9.\u00a0<\/span><\/p><p><span style=\"font-weight: 400;\">L&#8217;utilisateur de ce site est inform\u00e9 que, lors de ses visites sur le site, un\u00a0 cookie peut s&#8217;installer automatiquement sur son logiciel de navigation et \u00eatre\u00a0 temporairement conserv\u00e9 en m\u00e9moire sur son disque dur.\u00a0\u00a0<\/span><\/p><p><span style=\"font-weight: 400;\">ADAGUEN utilise ces informations aux fins d\u2019optimisation de la s\u00e9curit\u00e9 du\u00a0 pr\u00e9sent site et de fournir un service optimal.\u00a0\u00a0<\/span><\/p><p><span style=\"font-weight: 400;\">Ainsi, les cookies sont utilis\u00e9es pour :\u00a0\u00a0<\/span><\/p><ul><li><span style=\"font-weight: 400;\"> G\u00e9rer les param\u00e8tres personnels lors de la connexion de l\u2019utilisateur au\u00a0 site s\u00e9curis\u00e9\u00a0\u00a0<\/span><\/li><li><span style=\"font-weight: 400;\"> Enregistrer des informations sur la navigation de l\u2019utilisateur sur\u00a0 <\/span><span style=\"font-weight: 400;\">www.adaguen.com <\/span><span style=\"font-weight: 400;\">pour orienter sa navigation vers les contenus les\u00a0 mieux adapt\u00e9s.\u00a0\u00a0<\/span><\/li><li><span style=\"font-weight: 400;\"> Stocker temporairement des informations entr\u00e9es dans nos\u00a0 simulateurs, animations interactives, etc.\u00a0\u00a0<\/span><\/li><li><span style=\"font-weight: 400;\"> Mesurer le nombre de visites sur le site\u00a0\u00a0<\/span><\/li><li><span style=\"font-weight: 400;\"> Evaluer l\u2019efficacit\u00e9 de nos campagnes de promotion interne\u00a0 En aucun cas, les &#8220;Cookies&#8221; n&#8217;ont pour objet d&#8217;exploiter des informations\u00a0 personnelles nominatives concernant les personnes connect\u00e9es au site\u00a0 www.adaguen.com.\u00a0\u00a0<\/span><\/li><\/ul><p><span style=\"font-weight: 400;\">En poursuivant votre navigation sur notre Site, vous acceptez le d\u00e9p\u00f4t de\u00a0 cookies sur votre terminal. Vous pouvez revenir sur cette d\u00e9cision \u00e0 tout\u00a0 moment en vous opposant au d\u00e9p\u00f4t des cookies.\u00a0\u00a0<\/span><\/p><p><span style=\"font-weight: 400;\">Conform\u00e9ment \u00e0 la r\u00e9glementation, vous disposez d\u2019un droit d\u2019opposition et\u00a0 d\u2019acc\u00e8s sur les donn\u00e9es vous concernant.\u00a0\u00a0<\/span><\/p><p><span style=\"font-weight: 400;\">L&#8217;utilisateur peut d\u00e9sactiver les cookies par l&#8217;interm\u00e9diaire des param\u00e8tres\u00a0 figurant au sein de son logiciel de navigation et notamment en modifiant les\u00a0 options des logiciels de navigation figurant sur ordinateur (Rubrique \u00ab Edition\/ Pr\u00e9f\u00e9rences \u00bb sous Netscape Navigator 6.2 ; rubrique \u00ab Outils\/Internet\u00a0 Options \u00bb sous Internet Explorer ; Rubrique \u00ab Outils\/Options \u00bb sous Mozilla\u00a0 Firefox ; sous Google Chrome aux rubriques \u00ab Param\u00e8tres avanc\u00e9s\/ confidentialit\u00e9 et s\u00e9curit\u00e9 \u00bb et rubrique \u00abS\u00e9curit\u00e9 \u00bb sous Apple Safari).\u00a0 Selon votre navigateur, vous disposez des options suivantes : Accepter ou\u00a0 rejeter les cookies de toute origine ou d\u2019une provenance donn\u00e9e.\u00a0 Pour exprimer ou revenir sur vos choix, reportez-vous au menu d&#8217;aide ou \u00e0 la\u00a0 rubrique d\u00e9di\u00e9e de votre navigateur.\u00a0\u00a0<\/span><\/p><ol start=\"3\"><li><b> S\u00e9curit\u00e9\u00a0<\/b><\/li><\/ol><p><span style=\"font-weight: 400;\">L\u2019utilisateur est seul responsable de l\u2019acc\u00e8s \u00e0 ses appareils connect\u00e9s et aux\u00a0 moyens mis \u00e0 sa disposition pour en s\u00e9curiser l\u2019acc\u00e8s (mot de passe,\u00a0 empreinte digitale, reconnaissance faciale, etc.) Tout acc\u00e8s non autoris\u00e9\u00a0 n\u2019engage que l\u2019utilisateur. Le site est \u00e9quip\u00e9 d\u2019outils techniques r\u00e9put\u00e9s\u00a0 limiter les acc\u00e8s non autoris\u00e9s aux donn\u00e9es personnelles de ses utilisateurs.\u00a0 Toutes donn\u00e9es personnelles recueillies via le site sont enregistr\u00e9es et\u00a0 stock\u00e9es sur un serveur s\u00e9curis\u00e9 selon les proc\u00e9dures de l\u2019\u00e9tat de l\u2019art de la\u00a0<\/span><\/p><p><span style=\"font-weight: 400;\">s\u00e9curit\u00e9 informatique. La navigation sur le site est en tout temps op\u00e9r\u00e9e sous\u00a0 le protocole de s\u00e9curit\u00e9 https qui crypte les donn\u00e9es avec la technologie de\u00a0 cryptage Secure Socket Layer (SSL).\u00a0<\/span><\/p><p><span style=\"font-weight: 400;\">Si vous constatez lors de votre navigation sur notre site que l\u2019adresse du site\u00a0 ne commence pas par <\/span><span style=\"font-weight: 400;\">http<\/span><b>s<\/b><span style=\"font-weight: 400;\">:\/\/www.<\/span><span style=\"font-weight: 400;\">adaguen.com, nous vous recommandons\u00a0 de v\u00e9rifier les param\u00e8tres de s\u00e9curit\u00e9 de votre navigateur Internet et\u00a0 d\u2019autoriser le certificat de s\u00e9curit\u00e9 SSL du site avant de continuer. Nous vous\u00a0 recommandons la navigation sur le site uniquement si l\u2019encryption des\u00a0 donn\u00e9es est activ\u00e9e sur votre navigateur (le certificat de s\u00e9curit\u00e9 SSL est\u00a0 autoris\u00e9\/activ\u00e9 dans votre navigateur et la mention \u00ab http<\/span><b>s <\/b><span style=\"font-weight: 400;\">\u00bb est visible dans\u00a0 la barre d\u2019adresse).\u00a0\u00a0<\/span><\/p><p><span style=\"font-weight: 400;\">Derni\u00e8re mise \u00e0 jour: 11\/02\/2022<\/span><\/p>\t\t\t\t\t\t<\/div>\n\t\t\t\t<\/div>\n\t\t\t\t\t<\/div>\n\t\t<\/div>\n\t\t\t\t\t<\/div>\n\t\t<\/section>\n\t\t\t\t<\/div>","protected":false},"excerpt":{"rendered":"<p>Politique de confidentialit\u00e9 D\u00e9claration\u00a0\u00a0 Les donn\u00e9es \u00e0 caract\u00e8re personnel recueillies dans le cadre de ce site feront\u00a0 l\u2019objet d\u2019une d\u00e9claration \u00e0 la Commission Nationale de&#8230;<\/p>","protected":false},"author":1,"featured_media":0,"parent":0,"menu_order":0,"comment_status":"closed","ping_status":"closed","template":"elementor_header_footer","meta":{"_vp_format_video_url":"","_vp_image_focal_point":[]},"_links":{"self":[{"href":"https:\/\/adaguen.com\/fr\/wp-json\/wp\/v2\/pages\/2724"}],"collection":[{"href":"https:\/\/adaguen.com\/fr\/wp-json\/wp\/v2\/pages"}],"about":[{"href":"https:\/\/adaguen.com\/fr\/wp-json\/wp\/v2\/types\/page"}],"author":[{"embeddable":true,"href":"https:\/\/adaguen.com\/fr\/wp-json\/wp\/v2\/users\/1"}],"replies":[{"embeddable":true,"href":"https:\/\/adaguen.com\/fr\/wp-json\/wp\/v2\/comments?post=2724"}],"version-history":[{"count":16,"href":"https:\/\/adaguen.com\/fr\/wp-json\/wp\/v2\/pages\/2724\/revisions"}],"predecessor-version":[{"id":2741,"href":"https:\/\/adaguen.com\/fr\/wp-json\/wp\/v2\/pages\/2724\/revisions\/2741"}],"wp:attachment":[{"href":"https:\/\/adaguen.com\/fr\/wp-json\/wp\/v2\/media?parent=2724"}],"curies":[{"name":"wp","href":"https:\/\/api.w.org\/{rel}","templated":true}]}}