{"id":1033,"date":"2021-08-25T09:47:14","date_gmt":"2021-08-25T08:47:14","guid":{"rendered":"https:\/\/adaguen.com\/?post_type=product&#038;p=1033"},"modified":"2022-01-25T12:29:19","modified_gmt":"2022-01-25T11:29:19","slug":"gommage-figue-de-barbarie-anti-tache-anti-ride","status":"publish","type":"product","link":"https:\/\/adaguen.com\/fr\/produit\/gommage-figue-de-barbarie-anti-tache-anti-ride\/","title":{"rendered":"Gommage figue de barbarie   Anti tache \/anti ride"},"content":{"rendered":"<p><span style=\"font-weight: 400;\">\u00a0<\/span><b>Utilisation:<\/b><\/p>\n<p><b>\u00a0Utilisez deux ou trois fois par semaine selon votre type de peau, \u00e0 \u00e9viter pour les peaux sensibles. Appliquez sur la peau du visage humide, massez en r\u00e9alisant des mouvements circulaires en \u00e9vitant le contour des yeux et rincez abondamment \u00e0 l&#8217;eau, de pr\u00e9f\u00e9rence froide, pour tonifier votre peau.<\/b><\/p>\n<p><b>Ingr\u00e9dients:<\/b><\/p>\n<p><span style=\"font-weight: 400;\">\u00a0BUTYROSPERMUM PARKII BUTTER \u2026\u00a0 OPUNTIA FICUS-INDICA SEED OIL \u2026..<\/span><\/p>\n<p><span style=\"font-weight: 400;\">\u00a0PRUNUS AMYGDALUS DULCIS OIL\u00a0 \u2026.<\/span><\/p>\n<p><span style=\"font-weight: 400;\">\u00a0POLYSORBATE 20 \u2026.\u00a0 \u00a0CERA ALBA \u2026. \u00a0 CETEARYL ALCOHOL \u2026.<\/span><\/p>\n<p><span style=\"font-weight: 400;\">\u00a0\u00a0STEARIC ACID \u2026.\u00a0 MEL \u2026.<\/span><\/p>\n<p><span style=\"font-weight: 400;\">TOCOPHEROL \u2026.\u00a0 EXFOLIANT OPUNTIA FICUS-INDICA SEED\u00a0 \u2026. SUCROSE \u2026.<\/span><\/p>\n<p><span style=\"font-weight: 400;\">Dehydroacetic acid\u00a0 \u2026.\u00a0 \u00a0 Benzyl alcohol \u00a0 \u2026.<\/span><\/p>","protected":false},"excerpt":{"rendered":"<p><b>\u00c9limine les cellules mortes de la peau, stimule le renouvellement cellulaire, le gommage aux graines de figue de barbarie aide \u00e0 lutter contre le vieillissement cutan\u00e9 et les taches brunes, exerce un puissant processus de r\u00e9g\u00e9n\u00e9ration et de restructuration, est id\u00e9al pour les peaux \u00e0 tendance acn\u00e9ique et convient \u00e0 tous les types de peau.<\/b><\/p>","protected":false},"featured_media":887,"comment_status":"open","ping_status":"closed","template":"","meta":{"_vp_format_video_url":"","_vp_image_focal_point":[]},"etheme_brands":[],"product_cat":[15,69,46],"product_tag":[],"_links":{"self":[{"href":"https:\/\/adaguen.com\/fr\/wp-json\/wp\/v2\/product\/1033"}],"collection":[{"href":"https:\/\/adaguen.com\/fr\/wp-json\/wp\/v2\/product"}],"about":[{"href":"https:\/\/adaguen.com\/fr\/wp-json\/wp\/v2\/types\/product"}],"replies":[{"embeddable":true,"href":"https:\/\/adaguen.com\/fr\/wp-json\/wp\/v2\/comments?post=1033"}],"wp:featuredmedia":[{"embeddable":true,"href":"https:\/\/adaguen.com\/fr\/wp-json\/wp\/v2\/media\/887"}],"wp:attachment":[{"href":"https:\/\/adaguen.com\/fr\/wp-json\/wp\/v2\/media?parent=1033"}],"wp:term":[{"taxonomy":"brand","embeddable":true,"href":"https:\/\/adaguen.com\/fr\/wp-json\/wp\/v2\/etheme_brands?post=1033"},{"taxonomy":"product_cat","embeddable":true,"href":"https:\/\/adaguen.com\/fr\/wp-json\/wp\/v2\/product_cat?post=1033"},{"taxonomy":"product_tag","embeddable":true,"href":"https:\/\/adaguen.com\/fr\/wp-json\/wp\/v2\/product_tag?post=1033"}],"curies":[{"name":"wp","href":"https:\/\/api.w.org\/{rel}","templated":true}]}}