{"id":1060,"date":"2021-08-25T12:16:13","date_gmt":"2021-08-25T11:16:13","guid":{"rendered":"https:\/\/adaguen.com\/?post_type=product&#038;p=1060"},"modified":"2022-01-25T12:26:23","modified_gmt":"2022-01-25T11:26:23","slug":"vaseline-dargan-peau-gercee","status":"publish","type":"product","link":"https:\/\/adaguen.com\/fr\/produit\/vaseline-dargan-peau-gercee\/","title":{"rendered":"Vaseline d\u2019argan Peau gerc\u00e9e"},"content":{"rendered":"<p>Gr\u00e2ce \u00e0 son corps gras elle peut \u00eatre utilis\u00e9e en masque sur des zones tr\u00e8s s\u00e8ches comme les talons de pieds ou bien en soin des l\u00e8vres.<\/p>\n<p><b>Ingr\u00e9dients:<\/b><\/p>\n<p>PETROLATUM\u00a0 \u2026 <span style=\"font-weight: 400;\">\u00a0<\/span>ARGANIA SPINOSA EXTRACT \u2026.<\/p>\n<p>BUTYROSPERMUM PARKII BUTTER \u2026.<\/p>\n<p>ARGAN SPINOSA \u2026.\u00a0 PRUNUS AMYGDALUS DULCIS OIL \u2026 TOCOPHEROL\u00a0 \u2026<\/p>\n<p>&nbsp;<\/p>","protected":false},"excerpt":{"rendered":"<p>Adoucit la peau s\u00e8che, utile en cas de peau et de l\u00e8vres gerc\u00e9es, hydrate les mains et les pieds,<\/p>","protected":false},"featured_media":887,"comment_status":"open","ping_status":"closed","template":"","meta":{"_vp_format_video_url":"","_vp_image_focal_point":[]},"etheme_brands":[],"product_cat":[15,53,16],"product_tag":[],"_links":{"self":[{"href":"https:\/\/adaguen.com\/fr\/wp-json\/wp\/v2\/product\/1060"}],"collection":[{"href":"https:\/\/adaguen.com\/fr\/wp-json\/wp\/v2\/product"}],"about":[{"href":"https:\/\/adaguen.com\/fr\/wp-json\/wp\/v2\/types\/product"}],"replies":[{"embeddable":true,"href":"https:\/\/adaguen.com\/fr\/wp-json\/wp\/v2\/comments?post=1060"}],"wp:featuredmedia":[{"embeddable":true,"href":"https:\/\/adaguen.com\/fr\/wp-json\/wp\/v2\/media\/887"}],"wp:attachment":[{"href":"https:\/\/adaguen.com\/fr\/wp-json\/wp\/v2\/media?parent=1060"}],"wp:term":[{"taxonomy":"brand","embeddable":true,"href":"https:\/\/adaguen.com\/fr\/wp-json\/wp\/v2\/etheme_brands?post=1060"},{"taxonomy":"product_cat","embeddable":true,"href":"https:\/\/adaguen.com\/fr\/wp-json\/wp\/v2\/product_cat?post=1060"},{"taxonomy":"product_tag","embeddable":true,"href":"https:\/\/adaguen.com\/fr\/wp-json\/wp\/v2\/product_tag?post=1060"}],"curies":[{"name":"wp","href":"https:\/\/api.w.org\/{rel}","templated":true}]}}