{"id":1085,"date":"2021-08-25T13:52:34","date_gmt":"2021-08-25T12:52:34","guid":{"rendered":"https:\/\/adaguen.com\/?post_type=product&#038;p=1085"},"modified":"2022-01-25T12:26:29","modified_gmt":"2022-01-25T11:26:29","slug":"shampoing-sans-sulfate-dargan-et-keratine","status":"publish","type":"product","link":"https:\/\/adaguen.com\/fr\/produit\/shampoing-sans-sulfate-dargan-et-keratine\/","title":{"rendered":"SHAMPOING Sans Sulfate d\u2019argan et k\u00e9ratine"},"content":{"rendered":"<p><b>Utilisation :<\/b><\/p>\n<p><span style=\"font-weight: 400;\">Distribuer uniform\u00e9ment sur des cheveux mouill\u00e9s, nettoyer avec soin et puis rincer.<\/span><\/p>\n<p><span style=\"font-weight: 400;\">R\u00e9p\u00e9ter si n\u00e9cessaire.<\/span><\/p>\n<p><b>Ingr\u00e9dients:<\/b><\/p>\n<p><span style=\"font-weight: 400;\">Coco-Glucoside, <\/span><span style=\"font-weight: 400;\">Cocamidopropyl Betaine,<\/span>\u00a0<span style=\"font-weight: 400;\">Coco-Betaine,<\/span>\u00a0<span style=\"font-weight: 400;\">Disodium Cocoamphodiacetate,<\/span>\u00a0<span style=\"font-weight: 400;\">ROSMARINUS OFFICINALIS WATER,<\/span>\u00a0<span style=\"font-weight: 400;\">Polyquaternium-7<\/span>\u00a0<span style=\"font-weight: 400;\">XANTHAN GUM,<\/span>\u00a0<span style=\"font-weight: 400;\">PEG-7 Glyceryl Cocoate,<\/span>\u00a0<span style=\"font-weight: 400;\">Butyrospermum Parkii (Shea) Butter, <\/span><span style=\"font-weight: 400;\">ARGANIA SPINOSA KERNEL OIL, <\/span><span style=\"font-weight: 400;\">POTASSIUM SORBATE,<\/span>\u00a0<span style=\"font-weight: 400;\">SODIUM BENZOATE,<\/span>\u00a0<span style=\"font-weight: 400;\">Benzyl Alcohol, <\/span><span style=\"font-weight: 400;\">Hydrolyzed Wheat Protein,<\/span>\u00a0<span style=\"font-weight: 400;\">Hydrolyzed Soy Protein,<\/span>\u00a0<span style=\"font-weight: 400;\">HYDROLYZED KERATIN, <\/span><span style=\"font-weight: 400;\">MELALEUCA ALTERNIFOLIA LEAF,<\/span>\u00a0<span style=\"font-weight: 400;\">ROSMARINUS OFFICINALIS LEAF OIL.<\/span><\/p>","protected":false},"excerpt":{"rendered":"<p><span style=\"font-weight: 400;\">Shampooing sans sulfate, sans parab\u00e8ne, sans silicone<\/span><\/p>\n<p><span style=\"font-weight: 400;\">Il nourrit en profondeur les cheveux ab\u00eem\u00e9s et r\u00e9pare les fibres capillaires pour les former<\/span><\/p>\n<p><span style=\"font-weight: 400;\">Les cheveux deviennent plus forts, plus doux et plus brillants gr\u00e2ce \u00e0 la k\u00e9ratine, aux prot\u00e9ines et \u00e0 l&#8217;huile d&#8217;argan.<\/span><\/p>","protected":false},"featured_media":887,"comment_status":"open","ping_status":"closed","template":"","meta":{"_vp_format_video_url":"","_vp_image_focal_point":[]},"etheme_brands":[],"product_cat":[15,60,16,61],"product_tag":[],"_links":{"self":[{"href":"https:\/\/adaguen.com\/fr\/wp-json\/wp\/v2\/product\/1085"}],"collection":[{"href":"https:\/\/adaguen.com\/fr\/wp-json\/wp\/v2\/product"}],"about":[{"href":"https:\/\/adaguen.com\/fr\/wp-json\/wp\/v2\/types\/product"}],"replies":[{"embeddable":true,"href":"https:\/\/adaguen.com\/fr\/wp-json\/wp\/v2\/comments?post=1085"}],"wp:featuredmedia":[{"embeddable":true,"href":"https:\/\/adaguen.com\/fr\/wp-json\/wp\/v2\/media\/887"}],"wp:attachment":[{"href":"https:\/\/adaguen.com\/fr\/wp-json\/wp\/v2\/media?parent=1085"}],"wp:term":[{"taxonomy":"brand","embeddable":true,"href":"https:\/\/adaguen.com\/fr\/wp-json\/wp\/v2\/etheme_brands?post=1085"},{"taxonomy":"product_cat","embeddable":true,"href":"https:\/\/adaguen.com\/fr\/wp-json\/wp\/v2\/product_cat?post=1085"},{"taxonomy":"product_tag","embeddable":true,"href":"https:\/\/adaguen.com\/fr\/wp-json\/wp\/v2\/product_tag?post=1085"}],"curies":[{"name":"wp","href":"https:\/\/api.w.org\/{rel}","templated":true}]}}