{"id":1088,"date":"2021-08-25T14:21:19","date_gmt":"2021-08-25T13:21:19","guid":{"rendered":"https:\/\/adaguen.com\/?post_type=product&#038;p=1088"},"modified":"2022-01-25T12:24:51","modified_gmt":"2022-01-25T11:24:51","slug":"serum-anti-redi-anti-age-eclat-collagene-naturel","status":"publish","type":"product","link":"https:\/\/adaguen.com\/fr\/produit\/serum-anti-redi-anti-age-eclat-collagene-naturel\/","title":{"rendered":"S\u00e9rum anti Redi Anti \u00e2ge \u00e9clat \/ collag\u00e8ne naturel"},"content":{"rendered":"<p><b>Composition\u00a0 INCI\u00a0<\/b><\/p>\n<p><span style=\"font-weight: 400;\">OPUNTIA FICUS-INDICA SEED OIL \u2026\u00a0 ARGANIA SPINOSA KERNEL OIL \u2026<\/span><\/p>\n<p><span style=\"font-weight: 400;\">\u00a0TRITICUM VULGARE GERM OIL \u2026 ROSA CANINA SEED OIL&#8230;<\/span><\/p>\n<p><span style=\"font-weight: 400;\">TOCOPHEROL\u2026<\/span><\/p>","protected":false},"excerpt":{"rendered":"<p><span style=\"font-weight: 400;\">Huile de soin Anti-\u00e2ge Visage\u00a0<\/span><\/p>\n<p><span style=\"font-weight: 400;\">Synergie d&#8217;huiles pr\u00e9cieuses pour pr\u00e9server la jeunesse<\/span><\/p>\n<p><span style=\"font-weight: 400;\">Donne le R\u00e9tinol, et collag\u00e8ne \u00e0 votre peau naturelle<\/span><\/p>\n<p><span style=\"font-weight: 400;\">\u00a0Gr\u00e2ce \u00e0 huile de figue de barbarie et d&#8217;argan, Vitamine E et C, A<\/span><\/p>","protected":false},"featured_media":887,"comment_status":"open","ping_status":"closed","template":"","meta":{"_vp_format_video_url":"","_vp_image_focal_point":[]},"etheme_brands":[],"product_cat":[15,60,16,65],"product_tag":[],"_links":{"self":[{"href":"https:\/\/adaguen.com\/fr\/wp-json\/wp\/v2\/product\/1088"}],"collection":[{"href":"https:\/\/adaguen.com\/fr\/wp-json\/wp\/v2\/product"}],"about":[{"href":"https:\/\/adaguen.com\/fr\/wp-json\/wp\/v2\/types\/product"}],"replies":[{"embeddable":true,"href":"https:\/\/adaguen.com\/fr\/wp-json\/wp\/v2\/comments?post=1088"}],"wp:featuredmedia":[{"embeddable":true,"href":"https:\/\/adaguen.com\/fr\/wp-json\/wp\/v2\/media\/887"}],"wp:attachment":[{"href":"https:\/\/adaguen.com\/fr\/wp-json\/wp\/v2\/media?parent=1088"}],"wp:term":[{"taxonomy":"brand","embeddable":true,"href":"https:\/\/adaguen.com\/fr\/wp-json\/wp\/v2\/etheme_brands?post=1088"},{"taxonomy":"product_cat","embeddable":true,"href":"https:\/\/adaguen.com\/fr\/wp-json\/wp\/v2\/product_cat?post=1088"},{"taxonomy":"product_tag","embeddable":true,"href":"https:\/\/adaguen.com\/fr\/wp-json\/wp\/v2\/product_tag?post=1088"}],"curies":[{"name":"wp","href":"https:\/\/api.w.org\/{rel}","templated":true}]}}