{"id":1092,"date":"2021-08-25T15:50:47","date_gmt":"2021-08-25T14:50:47","guid":{"rendered":"https:\/\/adaguen.com\/?post_type=product&#038;p=1092"},"modified":"2022-01-25T12:23:27","modified_gmt":"2022-01-25T11:23:27","slug":"savon-noir-au-romarin-black-soap","status":"publish","type":"product","link":"https:\/\/adaguen.com\/fr\/produit\/savon-noir-au-romarin-black-soap\/","title":{"rendered":"Savon noir au romarin, Black soap"},"content":{"rendered":"<p><b>Ingr\u00e9dients:<\/b><\/p>\n<p><b>INCI\u00a0<\/b><\/p>\n<p><span style=\"font-weight: 400;\">\u00a0<\/span><span style=\"font-weight: 400;\">Aqua\u00a0 ..<\/span><b>,<\/b><span style=\"font-weight: 400;\"> OLEA EUROPAEA FRUIT OIL <\/span><span style=\"font-weight: 400;\">\u2026\u00a0 <\/span><span style=\"font-weight: 400;\">POTASSIUM HYDROXIDE<\/span><span style=\"font-weight: 400;\">,\u2026<\/span><\/p>\n<p><span style=\"font-weight: 400;\">\u00a0ROSMARINUS OFFICINALIS LEAF OIL\u00a0 \u2026<\/span><span style=\"font-weight: 400;\">.\u00a0 \u00a0. KAOLIN \u2026<\/span><\/p>\n<p><span style=\"font-weight: 400;\">\u00a0<\/span><b>Utilisation:<\/b><\/p>\n<p>On applique le\u00a0savon\u00a0en quantit\u00e9 suffisante sur tout le corps ou sur la partie d\u00e9sir\u00e9e en \u00e9vitant les yeux\u00a0 en faisant des petits mouvements circulaires\u00a0pour\u00a0activer les propri\u00e9t\u00e9s. On laisse ensuite poser entre 3 et 5 minutes avant de rincer abondamment \u00e0 l&#8217;eau claire<\/p>","protected":false},"excerpt":{"rendered":"<p><span style=\"font-weight: 400;\">Le savon noir, en raison de sa composition \u00e0 base d\u2019huile d\u2019olive, est tr\u00e8s<\/span><\/p>\n<p><span style=\"font-weight: 400;\">Doux et a un effet hydratant pour la peau, il est aussi un exfoliant efficace pour le<\/span><\/p>\n<p><span style=\"font-weight: 400;\">visage et le corps tout en pr\u00e9servant l&#8217;\u00e9quilibre naturel de l&#8217;\u00e9piderme. Il soigne les<\/span><\/p>\n<p><span style=\"font-weight: 400;\">Inflammations cutan\u00e9es et les points noirs\u00a0\u00a0\u00a0<\/span><\/p>\n<p>&nbsp;<\/p>","protected":false},"featured_media":887,"comment_status":"open","ping_status":"closed","template":"","meta":{"_vp_format_video_url":"","_vp_image_focal_point":[]},"etheme_brands":[],"product_cat":[15,69,16,50],"product_tag":[],"_links":{"self":[{"href":"https:\/\/adaguen.com\/fr\/wp-json\/wp\/v2\/product\/1092"}],"collection":[{"href":"https:\/\/adaguen.com\/fr\/wp-json\/wp\/v2\/product"}],"about":[{"href":"https:\/\/adaguen.com\/fr\/wp-json\/wp\/v2\/types\/product"}],"replies":[{"embeddable":true,"href":"https:\/\/adaguen.com\/fr\/wp-json\/wp\/v2\/comments?post=1092"}],"wp:featuredmedia":[{"embeddable":true,"href":"https:\/\/adaguen.com\/fr\/wp-json\/wp\/v2\/media\/887"}],"wp:attachment":[{"href":"https:\/\/adaguen.com\/fr\/wp-json\/wp\/v2\/media?parent=1092"}],"wp:term":[{"taxonomy":"brand","embeddable":true,"href":"https:\/\/adaguen.com\/fr\/wp-json\/wp\/v2\/etheme_brands?post=1092"},{"taxonomy":"product_cat","embeddable":true,"href":"https:\/\/adaguen.com\/fr\/wp-json\/wp\/v2\/product_cat?post=1092"},{"taxonomy":"product_tag","embeddable":true,"href":"https:\/\/adaguen.com\/fr\/wp-json\/wp\/v2\/product_tag?post=1092"}],"curies":[{"name":"wp","href":"https:\/\/api.w.org\/{rel}","templated":true}]}}