{"id":1094,"date":"2021-08-26T09:10:17","date_gmt":"2021-08-26T08:10:17","guid":{"rendered":"https:\/\/adaguen.com\/?post_type=product&#038;p=1094"},"modified":"2022-01-26T12:59:40","modified_gmt":"2022-01-26T11:59:40","slug":"savonnette-dargan-argan-soap-bar","status":"publish","type":"product","link":"https:\/\/adaguen.com\/fr\/produit\/savonnette-dargan-argan-soap-bar\/","title":{"rendered":"Savon Argan"},"content":{"rendered":"<p><b>Ingr\u00e9dients:<\/b><\/p>\n<p><b>INCI<\/b><\/p>\n<p><span style=\"font-weight: 400;\">\u00a0Aqua .. .\/ SODIUM HYDROXIDE \u2026\u00a0 <\/span><span style=\"font-weight: 400;\">OLEA EUROPAEA FRUIT OIL ..<\/span><span style=\"font-weight: 400;\">\u00a0 .<\/span><span style=\"font-weight: 400;\"> COCOS NUCIFERA OIL \u00a0 ..<\/span><span style=\"font-weight: 400;\"> \u00a0 Argan spinosa\u00a0 .. <\/span><span style=\"font-weight: 400;\">\u00a0BUTYROSPERMUM PARKII BUTTER<\/span><span style=\"font-weight: 400;\"> ..\u00a0<\/span><\/p>\n<p><span style=\"font-weight: 400;\">\u00a0<\/span><span style=\"font-weight: 400;\">KAOLIN.<\/span><\/p>\n<p><strong>\u00a0Utilisation:\u00a0<\/strong><\/p>\n<p><span style=\"font-weight: 400;\">Pour profiter de tous les bienfaits de votre\u00a0<\/span><b>savon<\/b><span style=\"font-weight: 400;\">, commencez par mouiller votre peau. Pr\u00e9levez ensuite une petite quantit\u00e9 de produit dans la paume de votre main et lavez d\u00e9licatement votre corps en effectuant des mouvements circulaires.<\/span><\/p>","protected":false},"excerpt":{"rendered":"<p><span style=\"font-weight: 400;\">Le savon \u00e0 l&#8217;huile d&#8217;argan adoucit, nourrit la peau et lutte contre les signes de<\/span><\/p>\n<p><span style=\"font-weight: 400;\">vieillissement cutan\u00e9e. Il favorise l&#8217;hydratation et l&#8217;\u00e9quilibre naturel de l\u2019\u00e9piderme<\/span><\/p>\n<p><span style=\"font-weight: 400;\">Pour avoir une peau purifi\u00e9e et en pleine sant\u00e9.<\/span><\/p>","protected":false},"featured_media":1516,"comment_status":"open","ping_status":"closed","template":"","meta":{"_vp_format_video_url":"","_vp_image_focal_point":[]},"etheme_brands":[],"product_cat":[15,74,69,16,51],"product_tag":[],"_links":{"self":[{"href":"https:\/\/adaguen.com\/fr\/wp-json\/wp\/v2\/product\/1094"}],"collection":[{"href":"https:\/\/adaguen.com\/fr\/wp-json\/wp\/v2\/product"}],"about":[{"href":"https:\/\/adaguen.com\/fr\/wp-json\/wp\/v2\/types\/product"}],"replies":[{"embeddable":true,"href":"https:\/\/adaguen.com\/fr\/wp-json\/wp\/v2\/comments?post=1094"}],"wp:featuredmedia":[{"embeddable":true,"href":"https:\/\/adaguen.com\/fr\/wp-json\/wp\/v2\/media\/1516"}],"wp:attachment":[{"href":"https:\/\/adaguen.com\/fr\/wp-json\/wp\/v2\/media?parent=1094"}],"wp:term":[{"taxonomy":"brand","embeddable":true,"href":"https:\/\/adaguen.com\/fr\/wp-json\/wp\/v2\/etheme_brands?post=1094"},{"taxonomy":"product_cat","embeddable":true,"href":"https:\/\/adaguen.com\/fr\/wp-json\/wp\/v2\/product_cat?post=1094"},{"taxonomy":"product_tag","embeddable":true,"href":"https:\/\/adaguen.com\/fr\/wp-json\/wp\/v2\/product_tag?post=1094"}],"curies":[{"name":"wp","href":"https:\/\/api.w.org\/{rel}","templated":true}]}}