{"id":1098,"date":"2021-08-26T09:40:18","date_gmt":"2021-08-26T08:40:18","guid":{"rendered":"https:\/\/adaguen.com\/?post_type=product&#038;p=1098"},"modified":"2022-01-25T12:21:42","modified_gmt":"2022-01-25T11:21:42","slug":"masque-visage-argan","status":"publish","type":"product","link":"https:\/\/adaguen.com\/fr\/produit\/masque-visage-argan\/","title":{"rendered":"MASQUE VISAGE &#8211; Argan"},"content":{"rendered":"<p><b>Utilisation:<\/b><\/p>\n<p><span style=\"font-weight: 400;\">En appliquant ce masque peau une \u00e0 deux fois par semaine Peaux gras et peaux sensibles et peaux mixtes<\/span><\/p>\n<p><b>Ingr\u00e9dients:<\/b><\/p>\n<p><span style=\"font-weight: 400;\">\u00a0INCI<\/span><\/p>\n<p><span style=\"font-weight: 400;\">Aqua \u2026 . Glycerin \u2026. Prunus Amygdalus Dulcis oil ..<\/span> <span style=\"font-weight: 400;\">. <\/span><span style=\"font-weight: 400;\">ARGANIA SPINOSA KERNEL OIL \u2026<\/span><\/p>\n<p><span style=\"font-weight: 400;\">COCOS NUCIFERA OIL \u2026. KAOLIN \u2026. MOROCCAN LAVA CLAY &#8230; CITRUS AURANTIUM FLOWER OIL \u2026 PANTHENOL ..<\/span><\/p>\n<p><span style=\"font-weight: 400;\">Dehydroacetic acid ..<\/span> <span style=\"font-weight: 400;\">Benzyl alcohol \u2026<\/span><\/p>\n<p><b>Conditionnement et emballage<\/b><\/p>\n<p><span style=\"font-weight: 400;\">100g pot plastique \u00a0 pet<\/span><\/p>","protected":false},"excerpt":{"rendered":"<p><span style=\"font-weight: 400;\">Le masque combine les bienfaits d&#8217;huile d\u2019argan et l\u2019extraite d\u2019argan<\/span> <span style=\"font-weight: 400;\">pour ajouter de la douceur et maintenir une peau saine et fra\u00eeche. Pour vous d\u00e9barrasser des peaux mortes et des impuret\u00e9s, combattez la peau s\u00e8che et \u00e9liminez les points noirs. visage clair et net<\/span><\/p>","protected":false},"featured_media":887,"comment_status":"open","ping_status":"closed","template":"","meta":{"_vp_format_video_url":"","_vp_image_focal_point":[]},"etheme_brands":[],"product_cat":[15,68,70,16],"product_tag":[],"_links":{"self":[{"href":"https:\/\/adaguen.com\/fr\/wp-json\/wp\/v2\/product\/1098"}],"collection":[{"href":"https:\/\/adaguen.com\/fr\/wp-json\/wp\/v2\/product"}],"about":[{"href":"https:\/\/adaguen.com\/fr\/wp-json\/wp\/v2\/types\/product"}],"replies":[{"embeddable":true,"href":"https:\/\/adaguen.com\/fr\/wp-json\/wp\/v2\/comments?post=1098"}],"wp:featuredmedia":[{"embeddable":true,"href":"https:\/\/adaguen.com\/fr\/wp-json\/wp\/v2\/media\/887"}],"wp:attachment":[{"href":"https:\/\/adaguen.com\/fr\/wp-json\/wp\/v2\/media?parent=1098"}],"wp:term":[{"taxonomy":"brand","embeddable":true,"href":"https:\/\/adaguen.com\/fr\/wp-json\/wp\/v2\/etheme_brands?post=1098"},{"taxonomy":"product_cat","embeddable":true,"href":"https:\/\/adaguen.com\/fr\/wp-json\/wp\/v2\/product_cat?post=1098"},{"taxonomy":"product_tag","embeddable":true,"href":"https:\/\/adaguen.com\/fr\/wp-json\/wp\/v2\/product_tag?post=1098"}],"curies":[{"name":"wp","href":"https:\/\/api.w.org\/{rel}","templated":true}]}}