{"id":1099,"date":"2021-08-26T10:00:30","date_gmt":"2021-08-26T09:00:30","guid":{"rendered":"https:\/\/adaguen.com\/?post_type=product&#038;p=1099"},"modified":"2022-02-24T15:43:19","modified_gmt":"2022-02-24T14:43:19","slug":"masque-cheveux-argan","status":"publish","type":"product","link":"https:\/\/adaguen.com\/fr\/produit\/masque-cheveux-argan\/","title":{"rendered":"Masque cheveux &#8211; Argan"},"content":{"rendered":"<p><b>Utilisation:<\/b><\/p>\n<p>Si vos cheveux sont tr\u00e8s fragilis\u00e9s et secs, appliquez le masque avant la douche sur l\u2019ensemble de la<\/p>\n<p>Longueur et des pointes, laissez poser au moins 20 minutes, on se lave ensuite les cheveux avec un<\/p>\n<p>Shampoing doux sans sulfate. Il est possible aussi de l\u2019appliquer pendant la douche, on laisse poser<\/p>\n<p>De 5 \u00e0 10 minutes puis on rince.<\/p>\n<p><b>INCI Composition:<\/b><\/p>\n<p>URTICA DIOICA LEAF EXTRACT GLYCERIN Polyquaternium-7 PEG-7 Glyceryl Cocoate Cetrimonium Chloride SODIUM BENZOATE POTASSIUM SORBATE Guar Hydroxypropyltrimonium Chloride Cetearyl Alcohol Dicaprylyl Carbonate Coco-Caprylate Cetearyl Alcohol BUTYROSPERMUM PARKII BUTTER PRUNUS AMYGDALUS DULCI OIL MACADAMIA TERNIFOLIA SEED OIL RICINUS COMMUNIS SEED OIL ARGANIA SPINOSA KERNEL OIL Benzyl Alcohol TOCOPHEROL HYDROLYZED SILK HYDROLYZED WHEAT PROTEIN GLYCINE SOJA PROTEIN HYDROLYZED KERATIN PANTHENOL CITRIC ACID.<\/p>\n<p><b>Conditionnement \/emballage:<\/b><\/p>\n<p><span style=\"font-weight: 400;\">\u00a0Pot 200g <\/span><\/p>","protected":false},"excerpt":{"rendered":"<p>R\u00e9parateur, nutritif et assouplissant \u00e0 la k\u00e9ratine v\u00e9g\u00e9tale, prot\u00e9ine de soja, prot\u00e9ine de bl\u00e9 et provitamine B5 Cheveux cassants, color\u00e9s, secs ou fragilis\u00e9s enrichissent en huile d\u2019argan, beurre de karit\u00e9, prot\u00e9ine de soi et de la k\u00e9ratine v\u00e9g\u00e9tale, notre masque nourrit, r\u00e9pare, assouplit et hydrate vos cheveux en p\u00e9n\u00e9trant au c\u0153ur de la fibre capillaire<\/p>","protected":false},"featured_media":885,"comment_status":"open","ping_status":"closed","template":"","meta":{"_vp_format_video_url":"","_vp_image_focal_point":[]},"etheme_brands":[],"product_cat":[15,60,54,16],"product_tag":[],"_links":{"self":[{"href":"https:\/\/adaguen.com\/fr\/wp-json\/wp\/v2\/product\/1099"}],"collection":[{"href":"https:\/\/adaguen.com\/fr\/wp-json\/wp\/v2\/product"}],"about":[{"href":"https:\/\/adaguen.com\/fr\/wp-json\/wp\/v2\/types\/product"}],"replies":[{"embeddable":true,"href":"https:\/\/adaguen.com\/fr\/wp-json\/wp\/v2\/comments?post=1099"}],"wp:featuredmedia":[{"embeddable":true,"href":"https:\/\/adaguen.com\/fr\/wp-json\/wp\/v2\/media\/885"}],"wp:attachment":[{"href":"https:\/\/adaguen.com\/fr\/wp-json\/wp\/v2\/media?parent=1099"}],"wp:term":[{"taxonomy":"brand","embeddable":true,"href":"https:\/\/adaguen.com\/fr\/wp-json\/wp\/v2\/etheme_brands?post=1099"},{"taxonomy":"product_cat","embeddable":true,"href":"https:\/\/adaguen.com\/fr\/wp-json\/wp\/v2\/product_cat?post=1099"},{"taxonomy":"product_tag","embeddable":true,"href":"https:\/\/adaguen.com\/fr\/wp-json\/wp\/v2\/product_tag?post=1099"}],"curies":[{"name":"wp","href":"https:\/\/api.w.org\/{rel}","templated":true}]}}