{"id":1101,"date":"2021-08-26T10:13:40","date_gmt":"2021-08-26T09:13:40","guid":{"rendered":"https:\/\/adaguen.com\/?post_type=product&#038;p=1101"},"modified":"2024-03-09T13:30:30","modified_gmt":"2024-03-09T12:30:30","slug":"masque-visage-charcoal-powder","status":"publish","type":"product","link":"https:\/\/adaguen.com\/fr\/produit\/masque-visage-charcoal-powder\/","title":{"rendered":"MASQUE VISAGE &#8211; CHARCOAL POWDER"},"content":{"rendered":"<p><b>Masque \u00e9claircissant <\/b><\/p>\n<p><b>Utilisation:<\/b><\/p>\n<p><span style=\"font-weight: 400;\">En appliquant ce masque peau une \u00e0 deux fois par semaine<\/span><\/p>\n<p><span style=\"font-weight: 400;\">Peaux gras et peaux sensibles et peaux mixtes<\/span><\/p>\n<p><b>Ingr\u00e9dients:<\/b><\/p>\n<p><b>\u00a0INCI<\/b><\/p>\n<p><span style=\"font-weight: 400;\">Aqua\u00a0 ..\u00a0 Glycerin .. Prunus Amygdalus\u00a0 Dulcis oil &#8230;<\/span><span style=\"font-weight: 400;\">\u00a0<\/span><\/p>\n<p><span style=\"font-weight: 400;\">\u00a0ARGANIA SPINOSA KERNEL OIL\u00a0 ..<\/span><\/p>\n<p><span style=\"font-weight: 400;\">\u00a0COCOS NUCIFERA OIL &#8230;\u00a0 KAOLIN .. <\/span><span style=\"font-weight: 400;\">CHARCOAL POWDER <\/span><b>..<\/b><span style=\"font-weight: 400;\"> .<\/span> <span style=\"font-weight: 400;\">\u00a0NIGELLA SATIVA SEED EXTRACT<\/span><span style=\"font-weight: 400;\"> ..\u00a0 PANTHENOL ..\u00a0\u00a0<\/span><\/p>\n<p><span style=\"font-weight: 400;\">Dehydroacetic acid\u00a0 ..\u00a0 \u00a0 Benzyl alcohol.\u00a0<\/span><\/p>\n<p><b>Conditionnement et emballage<\/b><\/p>\n<p><span style=\"font-weight: 400;\">100g \u00a0 pot\u00a0 plastique \u00a0 pet\u00a0<\/span><\/p>","protected":false},"excerpt":{"rendered":"<p><span style=\"font-weight: 400;\">Le masque combine les bienfaits d&#8217;huile d\u2019argan et l\u2019extraite d\u2019argan\u00a0 et <\/span><span style=\"font-weight: 400;\">CHARCOAL<\/span> <span style=\"font-weight: 400;\">POWDER<\/span> <b><\/b><span style=\"font-weight: 400;\">\u00a0\u00a0pour ajouter de la douceur et maintenir une peau saine et fra\u00eeche. Pour vous d\u00e9barrasser des peaux mortes et des impuret\u00e9s, combattez la peau s\u00e8che et \u00e9liminez les points noirs. visage clair et net<\/span><\/p>","protected":false},"featured_media":887,"comment_status":"open","ping_status":"closed","template":"","meta":{"_vp_format_video_url":"","_vp_image_focal_point":[]},"etheme_brands":[],"product_cat":[15,68,70,16],"product_tag":[],"_links":{"self":[{"href":"https:\/\/adaguen.com\/fr\/wp-json\/wp\/v2\/product\/1101"}],"collection":[{"href":"https:\/\/adaguen.com\/fr\/wp-json\/wp\/v2\/product"}],"about":[{"href":"https:\/\/adaguen.com\/fr\/wp-json\/wp\/v2\/types\/product"}],"replies":[{"embeddable":true,"href":"https:\/\/adaguen.com\/fr\/wp-json\/wp\/v2\/comments?post=1101"}],"wp:featuredmedia":[{"embeddable":true,"href":"https:\/\/adaguen.com\/fr\/wp-json\/wp\/v2\/media\/887"}],"wp:attachment":[{"href":"https:\/\/adaguen.com\/fr\/wp-json\/wp\/v2\/media?parent=1101"}],"wp:term":[{"taxonomy":"brand","embeddable":true,"href":"https:\/\/adaguen.com\/fr\/wp-json\/wp\/v2\/etheme_brands?post=1101"},{"taxonomy":"product_cat","embeddable":true,"href":"https:\/\/adaguen.com\/fr\/wp-json\/wp\/v2\/product_cat?post=1101"},{"taxonomy":"product_tag","embeddable":true,"href":"https:\/\/adaguen.com\/fr\/wp-json\/wp\/v2\/product_tag?post=1101"}],"curies":[{"name":"wp","href":"https:\/\/api.w.org\/{rel}","templated":true}]}}