{"id":1104,"date":"2021-08-26T10:41:03","date_gmt":"2021-08-26T09:41:03","guid":{"rendered":"https:\/\/adaguen.com\/?post_type=product&#038;p=1104"},"modified":"2022-01-25T12:19:11","modified_gmt":"2022-01-25T11:19:11","slug":"huile-pour-cheveux-dargan","status":"publish","type":"product","link":"https:\/\/adaguen.com\/fr\/produit\/huile-pour-cheveux-dargan\/","title":{"rendered":"Huile pour cheveux d\u2019argan"},"content":{"rendered":"<p><b>\u00a0<\/b><b>Utilisation:<\/b><\/p>\n<p>Appliquez votre bain d&#8217;huile sur vos cheveux une \u00e0 trois heures avant le shampoing. En moyenne, deux \u00e0 trois cuill\u00e8res \u00e0 soupe suffisent. Appliquez l&#8217;huile sur cheveux humides et d\u00e9m\u00eal\u00e9s. Vous pouvez aussi le faire sur cheveux secs.<\/p>\n<p><b>Ingr\u00e9dients:<\/b><\/p>\n<p><b>\u00a0INCI<\/b><\/p>\n<p><span style=\"font-weight: 400;\">Argania spinosa \u2026 PRUNUS<\/span><span style=\"font-weight: 400;\"> AMYGDALUS DULCIS OIL \u2026<\/span><\/p>\n<p><span style=\"font-weight: 400;\">\u00a0SESAMUM INDICUM SEED OIL \u2026 CANNABIS SATIVA SEED OIL \u2026<\/span><\/p>\n<p><span style=\"font-weight: 400;\">\u00a0PERSEA GRATISSIMA OIL \u2026.<\/span><span style=\"font-weight: 400;\">CUPRESSUS SEMPERVIRENS OIL \u2026.<\/span><\/p>\n<p><span style=\"font-weight: 400;\">\u00a0RICINUS COMMUNIS SEED OIL \u2026 . TOCOPHEROL \u2026. ROSMARINUS OFFICINALIS LEAF OIL \u2026 . LAVANDULA ANGUSTIFOLIA OIL \u2026 ZINGIBER OFFICINALE ROOT OIL ..<\/span><\/p>\n<p><b>Conditionnement et emballage:<\/b><\/p>\n<p><span style=\"font-weight: 400;\">\u00a0Bouteille 100ml <\/span><\/p>","protected":false},"excerpt":{"rendered":"<p><span style=\"font-weight: 400;\">L\u2019huile d&#8217;argan aux huiles capillaires v\u00e9g\u00e9tales est destin\u00e9e aux cheveux secs<\/span><\/p>\n<p><span style=\"font-weight: 400;\">Et ab\u00eem\u00e9s ainsi qu\u2019aux cuirs chevelus sensibles et sujets aux pellicules. Il renforce et<\/span><\/p>\n<p><span style=\"font-weight: 400;\">Stimule la repousse des cheveux, et pr\u00e9vient leur chute. Il est b\u00e9n\u00e9fique pour tous<\/span><\/p>\n<p><span style=\"font-weight: 400;\">Les types de cheveux.<\/span><\/p>","protected":false},"featured_media":887,"comment_status":"open","ping_status":"closed","template":"","meta":{"_vp_format_video_url":"","_vp_image_focal_point":[]},"etheme_brands":[],"product_cat":[15,60,63,16],"product_tag":[],"_links":{"self":[{"href":"https:\/\/adaguen.com\/fr\/wp-json\/wp\/v2\/product\/1104"}],"collection":[{"href":"https:\/\/adaguen.com\/fr\/wp-json\/wp\/v2\/product"}],"about":[{"href":"https:\/\/adaguen.com\/fr\/wp-json\/wp\/v2\/types\/product"}],"replies":[{"embeddable":true,"href":"https:\/\/adaguen.com\/fr\/wp-json\/wp\/v2\/comments?post=1104"}],"wp:featuredmedia":[{"embeddable":true,"href":"https:\/\/adaguen.com\/fr\/wp-json\/wp\/v2\/media\/887"}],"wp:attachment":[{"href":"https:\/\/adaguen.com\/fr\/wp-json\/wp\/v2\/media?parent=1104"}],"wp:term":[{"taxonomy":"brand","embeddable":true,"href":"https:\/\/adaguen.com\/fr\/wp-json\/wp\/v2\/etheme_brands?post=1104"},{"taxonomy":"product_cat","embeddable":true,"href":"https:\/\/adaguen.com\/fr\/wp-json\/wp\/v2\/product_cat?post=1104"},{"taxonomy":"product_tag","embeddable":true,"href":"https:\/\/adaguen.com\/fr\/wp-json\/wp\/v2\/product_tag?post=1104"}],"curies":[{"name":"wp","href":"https:\/\/api.w.org\/{rel}","templated":true}]}}