{"id":1106,"date":"2021-08-26T10:48:15","date_gmt":"2021-08-26T09:48:15","guid":{"rendered":"https:\/\/adaguen.com\/?post_type=product&#038;p=1106"},"modified":"2022-01-25T12:18:46","modified_gmt":"2022-01-25T11:18:46","slug":"gommage-akr-fassi-poudre-de-coquelicot","status":"publish","type":"product","link":"https:\/\/adaguen.com\/fr\/produit\/gommage-akr-fassi-poudre-de-coquelicot\/","title":{"rendered":"Gommage akr fassi &#8211; Poudre de Coquelicot"},"content":{"rendered":"<p><b>Utilisation:<\/b><\/p>\n<p>Utilisez deux ou trois fois par semaine selon votre type de peau, \u00e0 \u00e9viter pour les peaux sensibles. Appliquez sur la peau du visage humide, massez en r\u00e9alisant des mouvements circulaires en \u00e9vitant le contour des yeux et rincez abondamment \u00e0 l&#8217;eau, de pr\u00e9f\u00e9rence froide, pour tonifier votre peau.<\/p>\n<p><b>Ingr\u00e9dients:<\/b><\/p>\n<p><b>\u00a0INCI<\/b><\/p>\n<p><span style=\"font-weight: 400;\">BUTYROSPERMUM PARKII BUTTER \u2026\u00a0 <\/span><span style=\"font-weight: 400;\">COCOS <\/span><span style=\"font-weight: 400;\">NUCIFERA OIL \u2026.<\/span><\/p>\n<p><span style=\"font-weight: 400;\">\u00a0PRUNUS AMYGDALUS DULCIS OIL\u00a0 \u2026<\/span><\/p>\n<p><span style=\"font-weight: 400;\">\u00a0<\/span><span style=\"font-weight: 400;\">POLYSORBATE 20 \u2026.CERA ALBA \u2026 \u00a0 CETEARYL ALCOHOL \u2026<\/span><\/p>\n<p><span style=\"font-weight: 400;\">\u00a0\u00a0STEARIC ACID \u2026.\u00a0 MEL \u2026. TOCOPHEROL \u2026<\/span><\/p>\n<p><span style=\"font-weight: 400;\">\u00a0Poudre de Coquelicot, \u2026 SUCROSE \u2026<\/span><\/p>\n<p><span style=\"font-weight: 400;\">Dehydroacetic acid\u00a0 \u2026.\u00a0 \u00a0 Benzyl alcohol \u00a0 \u2026.<\/span><\/p>\n<p><b>Conditionnement et emballage:<\/b><\/p>\n<p><span style=\"font-weight: 400;\">100g \u00a0 pot\u00a0<\/span><\/p>","protected":false},"excerpt":{"rendered":"<p><strong>Gommage nourrissant &#8211; \u00e9claircissant<\/strong><\/p>\n<p>\u00c9limine les cellules mortes de la peau, stimule le renouvellement cellulaire, exfoliant \u00e0 la poudre de coquelicot, pour combattre les taches brunes, exerce un puissant processus de r\u00e9g\u00e9n\u00e9ration et convient \u00e0 tous les types de peau.<\/p>\n<p>Exfoliant nourrissant et \u00e9claircissant.<\/p>","protected":false},"featured_media":887,"comment_status":"open","ping_status":"closed","template":"","meta":{"_vp_format_video_url":"","_vp_image_focal_point":[]},"etheme_brands":[],"product_cat":[15,69,46,16],"product_tag":[],"_links":{"self":[{"href":"https:\/\/adaguen.com\/fr\/wp-json\/wp\/v2\/product\/1106"}],"collection":[{"href":"https:\/\/adaguen.com\/fr\/wp-json\/wp\/v2\/product"}],"about":[{"href":"https:\/\/adaguen.com\/fr\/wp-json\/wp\/v2\/types\/product"}],"replies":[{"embeddable":true,"href":"https:\/\/adaguen.com\/fr\/wp-json\/wp\/v2\/comments?post=1106"}],"wp:featuredmedia":[{"embeddable":true,"href":"https:\/\/adaguen.com\/fr\/wp-json\/wp\/v2\/media\/887"}],"wp:attachment":[{"href":"https:\/\/adaguen.com\/fr\/wp-json\/wp\/v2\/media?parent=1106"}],"wp:term":[{"taxonomy":"brand","embeddable":true,"href":"https:\/\/adaguen.com\/fr\/wp-json\/wp\/v2\/etheme_brands?post=1106"},{"taxonomy":"product_cat","embeddable":true,"href":"https:\/\/adaguen.com\/fr\/wp-json\/wp\/v2\/product_cat?post=1106"},{"taxonomy":"product_tag","embeddable":true,"href":"https:\/\/adaguen.com\/fr\/wp-json\/wp\/v2\/product_tag?post=1106"}],"curies":[{"name":"wp","href":"https:\/\/api.w.org\/{rel}","templated":true}]}}