{"id":1107,"date":"2021-08-26T11:00:37","date_gmt":"2021-08-26T10:00:37","guid":{"rendered":"https:\/\/adaguen.com\/?post_type=product&#038;p=1107"},"modified":"2024-05-30T04:16:14","modified_gmt":"2024-05-30T03:16:14","slug":"huile-de-figue-de-barbarie","status":"publish","type":"product","link":"https:\/\/adaguen.com\/fr\/produit\/huile-de-figue-de-barbarie\/","title":{"rendered":"Huile de figue de barbarie"},"content":{"rendered":"<p><b>Utilisation:<\/b><\/p>\n<p><span style=\"font-weight: 400;\">Elle est utilis\u00e9e contre les rides, les crevasses pour rendre \u00e0 la peau toute sa beaut\u00e9.\u00a0<\/span><\/p>\n<p><span style=\"font-weight: 400;\">Elle peut-\u00eatre utilis\u00e9e pure ou dans les soins anti-\u00e2ge pour le visage, le contour des yeux et le corps.\u00a0<\/span><\/p>\n<p><span style=\"font-weight: 400;\">\u00a0Tous types de peaux\u00a0<\/span><\/p>\n<p><b>I<\/b><b>ngr\u00e9dients:<\/b><\/p>\n<p><b>INCI\u00a0<\/b><\/p>\n<p><b>\u00a0<\/b><span style=\"font-weight: 400;\">OPUNTIA FICUS-INDICA SEED OIL\u00a0 100%<\/span><\/p>\n<p><b>Conditionnement et emballage:<\/b><\/p>\n<p><b>\u00a0<\/b><span style=\"font-weight: 400;\">Bouteille verre\u00a0 15 ml\u00a0 30ml\u00a0\u00a0<\/span><\/p>","protected":false},"excerpt":{"rendered":"<p><span style=\"font-weight: 400;\">L&#8217;huile de figue de barbarie hydrate et adoucit la peau, elle p\u00e9n\u00e8tre ais\u00e9ment<\/span><\/p>\n<p><span style=\"font-weight: 400;\">Et n&#8217;obstrue pas les pores de la peau, elle illumine \u00e9galement le teint et ralentit<\/span><\/p>\n<p><span style=\"font-weight: 400;\">Le vieillissement cutan\u00e9 en emp\u00eachant les rides de se d\u00e9velopper gr\u00e2ce \u00e0 sa teneur<\/span><\/p>\n<p><span style=\"font-weight: 400;\">\u00c9lev\u00e9e en vitamine E. Les acides gras om\u00e9ga-6 qu&#8217;elle contient favorisent<\/span><\/p>\n<p><span style=\"font-weight: 400;\">La r\u00e9g\u00e9n\u00e9ration naturelle de la peau. Elle est id\u00e9ale pour toutes sortes de peaux<\/span><\/p>","protected":false},"featured_media":1416,"comment_status":"open","ping_status":"closed","template":"","meta":{"_vp_format_video_url":"","_vp_image_focal_point":[]},"etheme_brands":[],"product_cat":[15,74,60,63,16],"product_tag":[],"_links":{"self":[{"href":"https:\/\/adaguen.com\/fr\/wp-json\/wp\/v2\/product\/1107"}],"collection":[{"href":"https:\/\/adaguen.com\/fr\/wp-json\/wp\/v2\/product"}],"about":[{"href":"https:\/\/adaguen.com\/fr\/wp-json\/wp\/v2\/types\/product"}],"replies":[{"embeddable":true,"href":"https:\/\/adaguen.com\/fr\/wp-json\/wp\/v2\/comments?post=1107"}],"wp:featuredmedia":[{"embeddable":true,"href":"https:\/\/adaguen.com\/fr\/wp-json\/wp\/v2\/media\/1416"}],"wp:attachment":[{"href":"https:\/\/adaguen.com\/fr\/wp-json\/wp\/v2\/media?parent=1107"}],"wp:term":[{"taxonomy":"brand","embeddable":true,"href":"https:\/\/adaguen.com\/fr\/wp-json\/wp\/v2\/etheme_brands?post=1107"},{"taxonomy":"product_cat","embeddable":true,"href":"https:\/\/adaguen.com\/fr\/wp-json\/wp\/v2\/product_cat?post=1107"},{"taxonomy":"product_tag","embeddable":true,"href":"https:\/\/adaguen.com\/fr\/wp-json\/wp\/v2\/product_tag?post=1107"}],"curies":[{"name":"wp","href":"https:\/\/api.w.org\/{rel}","templated":true}]}}