{"id":1109,"date":"2021-08-26T11:30:45","date_gmt":"2021-08-26T10:30:45","guid":{"rendered":"https:\/\/adaguen.com\/?post_type=product&#038;p=1109"},"modified":"2024-10-17T11:33:50","modified_gmt":"2024-10-17T10:33:50","slug":"creme-dargan-eclaircissent","status":"publish","type":"product","link":"https:\/\/adaguen.com\/fr\/produit\/creme-dargan-eclaircissent\/","title":{"rendered":"Cr\u00e8me d&#8217;argan \u00e9claircissent"},"content":{"rendered":"<p><b>Utilisation<\/b><\/p>\n<p><span style=\"font-weight: 400;\">Utilis\u00e9e en tant que cr\u00e8me de jour.<\/span><\/p>\n<p><span style=\"font-weight: 400;\">Toute les type de peaux\u00a0<\/span><\/p>\n<p><b>Ingr\u00e9dients\/\u00a0<\/b><\/p>\n<p><b>INCI\u00a0<\/b><\/p>\n<p>aqua .. . Glyc\u00e9rine .. Polyquaternium-7 &#8230; SODIUM BENZOATE &#8230; POTASSIUM SORBATE \u2026 Xantane gum\u2026. . CERA ALBA &#8230; BUTYROSPERMUM PARKII BUTTER \u2026 Dicaprylyl Carbonate \u2026 Coco-Caprylate \u2026 CETEARYL ALCOHOL \u2026. Ceteareth-20 .. Glyceryl Stearate \u2026Polysorbate 80 .. argan Spinosa \u2026. BHT \u2026 TOCOPHEROL \u2026 GLYCYRRHIZA GLABRA ROOT EXTRACT \u2026. Sodium Ascorbyl phosphate \u2026.. ASCORBIC ACID \u2026. Lippia citriodora (Verbena) oil \u2026. Dehydroacetic acid \u2026 Benzyl alcohol\u2026. Conditionnement et emballage Pot verre 60g<\/p>","protected":false},"excerpt":{"rendered":"<p><b>Pour le visage<\/b><\/p>\n<p><span style=\"font-weight: 400;\">\u00a0<\/span><span style=\"font-weight: 400;\">Cette cr\u00e8me \u00e0 l&#8217;huile d&#8217;argan hydrate raffermit la peau et att\u00e9nue l&#8217;apparition<\/span><\/p>\n<p><span style=\"font-weight: 400;\">Des rides. Elle prot\u00e8ge aussi contre les agressions dues \u00e0 la pollution de<\/span><\/p>\n<p><span style=\"font-weight: 400;\">L\u2019environnement gr\u00e2ce \u00e0 sa composition riche en vitamine E,\u00a0\u00a0\u00a0<\/span><\/p>","protected":false},"featured_media":1415,"comment_status":"open","ping_status":"closed","template":"","meta":{"_vp_format_video_url":"","_vp_image_focal_point":[]},"etheme_brands":[],"product_cat":[15,74,64,60,16],"product_tag":[],"_links":{"self":[{"href":"https:\/\/adaguen.com\/fr\/wp-json\/wp\/v2\/product\/1109"}],"collection":[{"href":"https:\/\/adaguen.com\/fr\/wp-json\/wp\/v2\/product"}],"about":[{"href":"https:\/\/adaguen.com\/fr\/wp-json\/wp\/v2\/types\/product"}],"replies":[{"embeddable":true,"href":"https:\/\/adaguen.com\/fr\/wp-json\/wp\/v2\/comments?post=1109"}],"wp:featuredmedia":[{"embeddable":true,"href":"https:\/\/adaguen.com\/fr\/wp-json\/wp\/v2\/media\/1415"}],"wp:attachment":[{"href":"https:\/\/adaguen.com\/fr\/wp-json\/wp\/v2\/media?parent=1109"}],"wp:term":[{"taxonomy":"brand","embeddable":true,"href":"https:\/\/adaguen.com\/fr\/wp-json\/wp\/v2\/etheme_brands?post=1109"},{"taxonomy":"product_cat","embeddable":true,"href":"https:\/\/adaguen.com\/fr\/wp-json\/wp\/v2\/product_cat?post=1109"},{"taxonomy":"product_tag","embeddable":true,"href":"https:\/\/adaguen.com\/fr\/wp-json\/wp\/v2\/product_tag?post=1109"}],"curies":[{"name":"wp","href":"https:\/\/api.w.org\/{rel}","templated":true}]}}