{"id":1110,"date":"2021-08-26T12:00:40","date_gmt":"2021-08-26T11:00:40","guid":{"rendered":"https:\/\/adaguen.com\/?post_type=product&#038;p=1110"},"modified":"2022-01-25T12:17:56","modified_gmt":"2022-01-25T11:17:56","slug":"beurre-dargan-peau-gercee","status":"publish","type":"product","link":"https:\/\/adaguen.com\/fr\/produit\/beurre-dargan-peau-gercee\/","title":{"rendered":"beurre d\u2019argan Peau gerc\u00e9e"},"content":{"rendered":"<p>Gr\u00e2ce \u00e0 son corps gras elle peut \u00eatre utilis\u00e9e en masque sur des zones tr\u00e8s s\u00e8ches comme les talons de pieds ou bien en soin des l\u00e8vres.<\/p>\n<p><span style=\"font-weight: 400;\">\u00a0<\/span><b>Ingr\u00e9dients:<\/b><\/p>\n<p>INCI<\/p>\n<p><span style=\"font-weight: 400;\">\u00a0<\/span>BUTYROSPERMUM PARKII BUTTER \u00a0 .ARGANIA SPINOSA\u00a0 EXTRACT.<\/p>\n<p>CERA ALBA.ARGAN SPINOSA. PRUNUS AMYGDALUS DULCIS OIL\u00a0 \u00a0 <span style=\"font-weight: 400;\">\u00a0\u00a0<\/span><\/p>\n<p>TOCOPHEROL<\/p>\n<p><b>Conditionnement et emballage:<\/b><\/p>\n<p><span style=\"font-weight: 400;\">100g \u00a0 pot\u00a0\u00a0\u00a0<\/span><\/p>","protected":false},"excerpt":{"rendered":"<p><b>Le beurre d&#8217;argan est id\u00e9al pour les peaux s\u00e8ches, ab\u00eem\u00e9es ou d\u00e9shydrat\u00e9es, car il est riche en acides gras qui lui conf\u00e8rent un effet hydratant intense. Le beurre d&#8217;argan est utilis\u00e9 sur les peaux mortes pour les apaiser et les nourrir. Pour soulager certaines irritations comme l&#8217;ecz\u00e9ma pour tout le corps.<\/b><\/p>","protected":false},"featured_media":887,"comment_status":"open","ping_status":"closed","template":"","meta":{"_vp_format_video_url":"","_vp_image_focal_point":[]},"etheme_brands":[],"product_cat":[15,16],"product_tag":[],"_links":{"self":[{"href":"https:\/\/adaguen.com\/fr\/wp-json\/wp\/v2\/product\/1110"}],"collection":[{"href":"https:\/\/adaguen.com\/fr\/wp-json\/wp\/v2\/product"}],"about":[{"href":"https:\/\/adaguen.com\/fr\/wp-json\/wp\/v2\/types\/product"}],"replies":[{"embeddable":true,"href":"https:\/\/adaguen.com\/fr\/wp-json\/wp\/v2\/comments?post=1110"}],"wp:featuredmedia":[{"embeddable":true,"href":"https:\/\/adaguen.com\/fr\/wp-json\/wp\/v2\/media\/887"}],"wp:attachment":[{"href":"https:\/\/adaguen.com\/fr\/wp-json\/wp\/v2\/media?parent=1110"}],"wp:term":[{"taxonomy":"brand","embeddable":true,"href":"https:\/\/adaguen.com\/fr\/wp-json\/wp\/v2\/etheme_brands?post=1110"},{"taxonomy":"product_cat","embeddable":true,"href":"https:\/\/adaguen.com\/fr\/wp-json\/wp\/v2\/product_cat?post=1110"},{"taxonomy":"product_tag","embeddable":true,"href":"https:\/\/adaguen.com\/fr\/wp-json\/wp\/v2\/product_tag?post=1110"}],"curies":[{"name":"wp","href":"https:\/\/api.w.org\/{rel}","templated":true}]}}